{"id":48,"date":"2022-05-05T23:58:47","date_gmt":"2022-05-05T23:58:47","guid":{"rendered":"https:\/\/rollerdiscomontreal.ca\/weddings\/"},"modified":"2026-04-18T16:18:49","modified_gmt":"2026-04-18T16:18:49","slug":"prochains-evenements","status":"publish","type":"page","link":"https:\/\/rollerdiscomontreal.ca\/fr\/prochains-evenements\/","title":{"rendered":"\u00c9v\u00e9nements"},"content":{"rendered":"\t\t<div data-elementor-type=\"wp-page\" data-elementor-id=\"48\" class=\"elementor elementor-48\" data-elementor-post-type=\"page\">\n\t\t\t\t\t\t<section class=\"elementor-section elementor-top-section elementor-element elementor-element-4aad08e elementor-section-boxed elementor-section-height-default elementor-section-height-default\" data-id=\"4aad08e\" data-element_type=\"section\" data-e-type=\"section\">\n\t\t\t\t\t\t<div class=\"elementor-container elementor-column-gap-default\">\n\t\t\t\t\t<div class=\"elementor-column elementor-col-100 elementor-top-column elementor-element elementor-element-4b6025d\" data-id=\"4b6025d\" data-element_type=\"column\" data-e-type=\"column\">\n\t\t\t<div class=\"elementor-widget-wrap elementor-element-populated\">\n\t\t\t\t\t\t<div class=\"elementor-element elementor-element-cbc30e5 elementor-widget elementor-widget-heading\" data-id=\"cbc30e5\" data-element_type=\"widget\" data-e-type=\"widget\" data-widget_type=\"heading.default\">\n\t\t\t\t<div class=\"elementor-widget-container\">\n\t\t\t\t\t<h2 class=\"elementor-heading-title elementor-size-default\"> Prochain  \u00c9v\u00e9nement( s ) :<\/h2>\t\t\t\t<\/div>\n\t\t\t\t<\/div>\n\t\t\t\t\t<\/div>\n\t\t<\/div>\n\t\t\t\t\t<\/div>\n\t\t<\/section>\n\t\t\t\t<section class=\"elementor-section elementor-top-section elementor-element elementor-element-7f44e42 elementor-section-boxed elementor-section-height-default elementor-section-height-default\" data-id=\"7f44e42\" data-element_type=\"section\" data-e-type=\"section\">\n\t\t\t\t\t\t<div class=\"elementor-container elementor-column-gap-default\">\n\t\t\t\t\t<div class=\"elementor-column elementor-col-50 elementor-top-column elementor-element elementor-element-51da0b8\" data-id=\"51da0b8\" data-element_type=\"column\" data-e-type=\"column\">\n\t\t\t<div class=\"elementor-widget-wrap elementor-element-populated\">\n\t\t\t\t\t\t<div class=\"elementor-element elementor-element-fc0c53f elementor-widget elementor-widget-image\" data-id=\"fc0c53f\" data-element_type=\"widget\" data-e-type=\"widget\" data-widget_type=\"image.default\">\n\t\t\t\t<div class=\"elementor-widget-container\">\n\t\t\t\t\t\t\t\t\t\t\t\t\t\t\t<img alt=\"\" fetchpriority=\"high\" decoding=\"async\" width=\"300\" height=\"231\" src=\"https:\/\/rollerdiscomontreal.ca\/wp-content\/uploads\/2026\/04\/Glow-In-The-Dark-.-16-MAY-2026--300x231.jpg\" class=\"attachment-medium size-medium wp-image-65302\" alt=\"\" srcset=\"https:\/\/rollerdiscomontreal.ca\/wp-content\/uploads\/2026\/04\/Glow-In-The-Dark-.-16-MAY-2026--300x231.jpg 300w, https:\/\/rollerdiscomontreal.ca\/wp-content\/uploads\/2026\/04\/Glow-In-The-Dark-.-16-MAY-2026-.jpg 466w\" sizes=\"(max-width: 300px) 100vw, 300px\" \/>\t\t\t\t\t\t\t\t\t\t\t\t\t\t\t<\/div>\n\t\t\t\t<\/div>\n\t\t\t\t<div class=\"elementor-element elementor-element-c405b73 elementor-widget elementor-widget-heading\" data-id=\"c405b73\" data-element_type=\"widget\" data-e-type=\"widget\" data-widget_type=\"heading.default\">\n\t\t\t\t<div class=\"elementor-widget-container\">\n\t\t\t\t\t<h2 class=\"elementor-heading-title elementor-size-default\">\" BRILLE DANS LE NOIR \" <\/h2>\t\t\t\t<\/div>\n\t\t\t\t<\/div>\n\t\t\t\t\t<\/div>\n\t\t<\/div>\n\t\t\t\t<div class=\"elementor-column elementor-col-50 elementor-top-column elementor-element elementor-element-13194b4\" data-id=\"13194b4\" data-element_type=\"column\" data-e-type=\"column\">\n\t\t\t<div class=\"elementor-widget-wrap elementor-element-populated\">\n\t\t\t\t\t\t<div class=\"elementor-element elementor-element-1114449 elementor-widget elementor-widget-text-editor\" data-id=\"1114449\" data-element_type=\"widget\" data-e-type=\"widget\" data-widget_type=\"text-editor.default\">\n\t\t\t\t<div class=\"elementor-widget-container\">\n\t\t\t\t\t\t\t\t\t<p><strong>DATE<\/strong>:\u00a0 16 mai 2026 . De 20h a 23h.<\/p><p><strong>PRIX:<\/strong> 19$ + Frais et taxes applicales en sus, par personne (Non remboursable).<\/p><p><span style=\"color: #ff0000;\"><strong>PROMO BILLETS JUSQU\u2019AU 2 MAI 2026 ** TOUS LES BILLETS ACHET\u00c9S AVANT LE 3 MAI 2026 B\u00c9N\u00c9FICIERONT D\u2019UNE R\u00c9DUCTION DE 4 $ SUR LE PRIX DU BILLET.** Avec Promo : 15 $ pour le Prix Admission G\u00e9n\u00e9rale (16ans +) + Frais et Taxes applicables en sus &#8211; par personne. -NON-REMBOURSABLE.-La promotion se termine le 2 mai 2026 \u00e0 minuit.<\/strong><\/span><\/p><p>ESPACE LIMIT\u00c9. PRIX ADMISSION G\u00c9N\u00c9RALE (16 ans +).<\/p><p><span style=\"color: #ffff00;\"><strong>*N\u2019OUBLIEZ PAS D\u2019IMPRIMER OU MONTREZ VOTRE BILLET \u00c9LECTRONIQUE, Formulaire de D\u00e9charge Et Avoir Une Piece D\u2019Identite Valide avec Photo.*<\/strong><\/span><\/p>\t\t\t\t\t\t\t\t<\/div>\n\t\t\t\t<\/div>\n\t\t\t\t\t<\/div>\n\t\t<\/div>\n\t\t\t\t\t<\/div>\n\t\t<\/section>\n\t\t\t\t<section class=\"elementor-section elementor-top-section elementor-element elementor-element-aeca264 elementor-section-boxed elementor-section-height-default elementor-section-height-default\" data-id=\"aeca264\" data-element_type=\"section\" data-e-type=\"section\">\n\t\t\t\t\t\t<div class=\"elementor-container elementor-column-gap-default\">\n\t\t\t\t\t<div class=\"elementor-column elementor-col-50 elementor-top-column elementor-element elementor-element-a0a7ae5\" data-id=\"a0a7ae5\" data-element_type=\"column\" data-e-type=\"column\">\n\t\t\t<div class=\"elementor-widget-wrap elementor-element-populated\">\n\t\t\t\t\t\t<div class=\"elementor-element elementor-element-85030e3 elementor-widget elementor-widget-text-editor\" data-id=\"85030e3\" data-element_type=\"widget\" data-e-type=\"widget\" data-widget_type=\"text-editor.default\">\n\t\t\t\t<div class=\"elementor-widget-container\">\n\t\t\t\t\t\t\t\t\t<p><span style=\"text-decoration: underline;\"><strong>INCLUS<\/strong><\/span>:<\/p><p>Admission G\u00e9n\u00e9rale, Lumi\u00e8res Disco, Patinoire \/ surface,\u00a0\u00a0<\/p><p>\u00a0DJ\u00a0 en Direct sur place\u00a0<\/p><p><strong><span style=\"text-decoration: underline;\">OBLIGATOIRE<\/span> :<\/strong><\/p><p>Casque requis pour les 16-17 ans<\/p><p><strong><span style=\"text-decoration: underline;\">SUR PLACE<\/span>:<\/strong><\/p><p>Vous pouvez apporter vos propres patins OU vous pouvez faire la location de patins \u00e0 roulettes ou de patins \u00e0 roues align\u00e9es \u00e0 partir de 10$ (Taxes incluses), et de l\u2019\u00e9quipement de protection \u00e0 partir de 5$ (taxes incluses). Pay\u00e9s en argent comptant uniquement. Quantit\u00e9 limit\u00e9e disponible.<\/p>\t\t\t\t\t\t\t\t<\/div>\n\t\t\t\t<\/div>\n\t\t\t\t\t<\/div>\n\t\t<\/div>\n\t\t\t\t<div class=\"elementor-column elementor-col-50 elementor-top-column elementor-element elementor-element-2e0fedd\" data-id=\"2e0fedd\" data-element_type=\"column\" data-e-type=\"column\">\n\t\t\t<div class=\"elementor-widget-wrap elementor-element-populated\">\n\t\t\t\t\t\t<div class=\"elementor-element elementor-element-0285177 elementor-widget elementor-widget-heading\" data-id=\"0285177\" data-element_type=\"widget\" data-e-type=\"widget\" data-widget_type=\"heading.default\">\n\t\t\t\t<div class=\"elementor-widget-container\">\n\t\t\t\t\t<h4 class=\"elementor-heading-title elementor-size-xxl\"><a href=\"https:\/\/www.eventbrite.ca\/e\/glow-in-the-dark-roller-disco-brille-dans-le-noir-roller-disco-tickets-1987677446750?aff=oddtdtcreator\" target=\"_blank\" rel=\"nofollow\" billets=\"\">LIEN DE BILLET :  Billets en Vente Maintenant.<\/a><\/h4>\t\t\t\t<\/div>\n\t\t\t\t<\/div>\n\t\t\t\t<div class=\"elementor-element elementor-element-bb5b168 elementor-widget elementor-widget-image\" data-id=\"bb5b168\" data-element_type=\"widget\" data-e-type=\"widget\" data-widget_type=\"image.default\">\n\t\t\t\t<div class=\"elementor-widget-container\">\n\t\t\t\t\t\t\t\t\t\t\t\t\t\t\t<img decoding=\"async\" data-src=\"https:\/\/rollerdiscomontreal.ca\/wp-content\/uploads\/2024\/12\/disco-head-lady.jpg\" title=\"disco head lady\" alt=\"disco head lady\" src=\"data:image\/svg+xml;base64,PHN2ZyB3aWR0aD0iMSIgaGVpZ2h0PSIxIiB4bWxucz0iaHR0cDovL3d3dy53My5vcmcvMjAwMC9zdmciPjwvc3ZnPg==\" class=\"lazyload\" style=\"--smush-placeholder-width: 732px; --smush-placeholder-aspect-ratio: 732\/1153;\" \/>\t\t\t\t\t\t\t\t\t\t\t\t\t\t\t<\/div>\n\t\t\t\t<\/div>\n\t\t\t\t\t<\/div>\n\t\t<\/div>\n\t\t\t\t\t<\/div>\n\t\t<\/section>\n\t\t\t\t<section class=\"elementor-section elementor-top-section elementor-element elementor-element-57ae459 elementor-section-boxed elementor-section-height-default elementor-section-height-default\" data-id=\"57ae459\" data-element_type=\"section\" data-e-type=\"section\">\n\t\t\t\t\t\t<div class=\"elementor-container elementor-column-gap-default\">\n\t\t\t\t\t<div class=\"elementor-column elementor-col-50 elementor-top-column elementor-element elementor-element-a52123d\" data-id=\"a52123d\" data-element_type=\"column\" data-e-type=\"column\">\n\t\t\t<div class=\"elementor-widget-wrap elementor-element-populated\">\n\t\t\t\t\t\t<div class=\"elementor-element elementor-element-e667009 elementor-widget elementor-widget-text-editor\" data-id=\"e667009\" data-element_type=\"widget\" data-e-type=\"widget\" data-widget_type=\"text-editor.default\">\n\t\t\t\t<div class=\"elementor-widget-container\">\n\t\t\t\t\t\t\t\t\t<p><b>= TOUS Les Participants\/Invites doivent avoir une piece D&rsquo;Identite Valide avec Photo le Jour de L&rsquo;Evenement =<\/b><\/p>\t\t\t\t\t\t\t\t<\/div>\n\t\t\t\t<\/div>\n\t\t\t\t\t<\/div>\n\t\t<\/div>\n\t\t\t\t<div class=\"elementor-column elementor-col-50 elementor-top-column elementor-element elementor-element-788ebe2\" data-id=\"788ebe2\" data-element_type=\"column\" data-e-type=\"column\">\n\t\t\t<div class=\"elementor-widget-wrap elementor-element-populated\">\n\t\t\t\t\t\t<div class=\"elementor-element elementor-element-caa7e61 elementor-align-center elementor-widget elementor-widget-button\" data-id=\"caa7e61\" data-element_type=\"widget\" data-e-type=\"widget\" data-widget_type=\"button.default\">\n\t\t\t\t<div class=\"elementor-widget-container\">\n\t\t\t\t\t\t\t\t\t<div class=\"elementor-button-wrapper\">\n\t\t\t\t\t<a class=\"elementor-button elementor-button-link elementor-size-sm\" href=\"https:\/\/rollerdiscomontreal.ca\/wp-content\/uploads\/2022\/05\/Waiver-Form.pdf\" target=\"_blank\">\n\t\t\t\t\t\t<span class=\"elementor-button-content-wrapper\">\n\t\t\t\t\t\t\t\t\t<span class=\"elementor-button-text\">LIEN De Formulaire De D\u00e9charge : T\u00e9l\u00e9charger le formulaire \/ Remplir formulaire<\/span>\n\t\t\t\t\t<\/span>\n\t\t\t\t\t<\/a>\n\t\t\t\t<\/div>\n\t\t\t\t\t\t\t\t<\/div>\n\t\t\t\t<\/div>\n\t\t\t\t\t<\/div>\n\t\t<\/div>\n\t\t\t\t\t<\/div>\n\t\t<\/section>\n\t\t\t\t<section class=\"elementor-section elementor-top-section elementor-element elementor-element-efd58da elementor-section-boxed elementor-section-height-default elementor-section-height-default\" data-id=\"efd58da\" data-element_type=\"section\" data-e-type=\"section\" data-settings=\"{&quot;background_background&quot;:&quot;classic&quot;}\">\n\t\t\t\t\t\t<div class=\"elementor-container elementor-column-gap-default\">\n\t\t\t\t\t<div class=\"elementor-column elementor-col-50 elementor-top-column elementor-element elementor-element-150f74c0\" data-id=\"150f74c0\" data-element_type=\"column\" data-e-type=\"column\">\n\t\t\t<div class=\"elementor-widget-wrap elementor-element-populated\">\n\t\t\t\t\t\t<div class=\"elementor-element elementor-element-72cb6b30 elementor-invisible elementor-widget elementor-widget-heading\" data-id=\"72cb6b30\" data-element_type=\"widget\" data-e-type=\"widget\" data-settings=\"{&quot;_animation&quot;:&quot;slideInUp&quot;}\" data-widget_type=\"heading.default\">\n\t\t\t\t<div class=\"elementor-widget-container\">\n\t\t\t\t\t<h2 class=\"elementor-heading-title elementor-size-default\">Roller Disco Montr\u00e9al\nEn action<\/h2>\t\t\t\t<\/div>\n\t\t\t\t<\/div>\n\t\t\t\t\t<\/div>\n\t\t<\/div>\n\t\t\t\t<div class=\"elementor-column elementor-col-50 elementor-top-column elementor-element elementor-element-2c4625fb\" data-id=\"2c4625fb\" data-element_type=\"column\" data-e-type=\"column\">\n\t\t\t<div class=\"elementor-widget-wrap elementor-element-populated\">\n\t\t\t\t\t\t<div class=\"elementor-element elementor-element-6bd4b358 elementor-widget elementor-widget-video\" data-id=\"6bd4b358\" data-element_type=\"widget\" data-e-type=\"widget\" data-settings=\"{&quot;youtube_url&quot;:&quot;https:\\\/\\\/youtu.be\\\/B26cc_gTr5Y&quot;,&quot;lazy_load&quot;:&quot;yes&quot;,&quot;video_type&quot;:&quot;youtube&quot;}\" data-widget_type=\"video.default\">\n\t\t\t\t<div class=\"elementor-widget-container\">\n\t\t\t\t\t\t\t<div class=\"elementor-wrapper elementor-open-inline\">\n\t\t\t<div class=\"elementor-video\"><\/div>\t\t<\/div>\n\t\t\t\t\t\t<\/div>\n\t\t\t\t<\/div>\n\t\t\t\t\t<\/div>\n\t\t<\/div>\n\t\t\t\t\t<\/div>\n\t\t<\/section>\n\t\t\t\t<\/div>\n\t\t","protected":false},"excerpt":{"rendered":"<p>Prochain \u00c9v\u00e9nement( s ) : \u00a0\u00bb BRILLE DANS LE NOIR \u00a0\u00bb DATE:\u00a0 16 mai 2026 . De 20h a 23h. PRIX: 19$ + Frais et taxes applicales en sus, par personne (Non remboursable). PROMO BILLETS JUSQU\u2019AU 2 MAI 2026 ** TOUS LES BILLETS ACHET\u00c9S AVANT LE 3 MAI 2026 B\u00c9N\u00c9FICIERONT D\u2019UNE R\u00c9DUCTION DE 4 $ &#8230; <a title=\"\u00c9v\u00e9nements\" class=\"read-more\" href=\"https:\/\/rollerdiscomontreal.ca\/fr\/prochains-evenements\/\" aria-label=\"En savoir plus sur \u00c9v\u00e9nements\">Lire la suite<\/a><\/p>\n","protected":false},"author":1,"featured_media":0,"parent":0,"menu_order":0,"comment_status":"closed","ping_status":"closed","template":"elementor_header_footer","meta":{"_seopress_robots_primary_cat":"","_seopress_titles_title":"\u00c9v\u00e8nements - Roller Disco Montr\u00e9al","_seopress_titles_desc":"Consultez nos prochains \u00e9v\u00e8nements et r\u00e9servez vos billets en ligne!\r\n\r\n %%post_excerpt%%","_seopress_robots_index":"","footnotes":""},"class_list":["post-48","page","type-page","status-publish"],"_links":{"self":[{"href":"https:\/\/rollerdiscomontreal.ca\/fr\/wp-json\/wp\/v2\/pages\/48","targetHints":{"allow":["GET"]}}],"collection":[{"href":"https:\/\/rollerdiscomontreal.ca\/fr\/wp-json\/wp\/v2\/pages"}],"about":[{"href":"https:\/\/rollerdiscomontreal.ca\/fr\/wp-json\/wp\/v2\/types\/page"}],"author":[{"embeddable":true,"href":"https:\/\/rollerdiscomontreal.ca\/fr\/wp-json\/wp\/v2\/users\/1"}],"replies":[{"embeddable":true,"href":"https:\/\/rollerdiscomontreal.ca\/fr\/wp-json\/wp\/v2\/comments?post=48"}],"version-history":[{"count":0,"href":"https:\/\/rollerdiscomontreal.ca\/fr\/wp-json\/wp\/v2\/pages\/48\/revisions"}],"wp:attachment":[{"href":"https:\/\/rollerdiscomontreal.ca\/fr\/wp-json\/wp\/v2\/media?parent=48"}],"curies":[{"name":"wp","href":"https:\/\/api.w.org\/{rel}","templated":true}]}}