{"id":458,"date":"2022-05-18T00:47:18","date_gmt":"2022-05-18T00:47:18","guid":{"rendered":"https:\/\/rollerdiscomontreal.ca\/?page_id=458"},"modified":"2025-09-06T14:54:54","modified_gmt":"2025-09-06T14:54:54","slug":"medias","status":"publish","type":"page","link":"https:\/\/rollerdiscomontreal.ca\/fr\/medias\/","title":{"rendered":"M\u00e9dias"},"content":{"rendered":"\t\t<div data-elementor-type=\"wp-page\" data-elementor-id=\"458\" class=\"elementor elementor-458\" data-elementor-post-type=\"page\">\n\t\t\t\t\t\t<section class=\"elementor-section elementor-top-section elementor-element elementor-element-3fc6c4f elementor-section-full_width elementor-section-height-min-height elementor-section-items-stretch elementor-section-height-default\" data-id=\"3fc6c4f\" data-element_type=\"section\" data-e-type=\"section\" data-settings=\"{&quot;background_background&quot;:&quot;video&quot;}\">\n\t\t\t\t\t\t<div class=\"elementor-container elementor-column-gap-default\">\n\t\t\t\t\t<div class=\"elementor-column elementor-col-50 elementor-top-column elementor-element elementor-element-6ae2f27b\" data-id=\"6ae2f27b\" data-element_type=\"column\" data-e-type=\"column\">\n\t\t\t<div class=\"elementor-widget-wrap elementor-element-populated\">\n\t\t\t\t\t\t<section class=\"elementor-section elementor-inner-section elementor-element elementor-element-728500c elementor-section-height-min-height elementor-section-boxed elementor-section-height-default\" data-id=\"728500c\" data-element_type=\"section\" data-e-type=\"section\">\n\t\t\t\t\t\t<div class=\"elementor-container elementor-column-gap-default\">\n\t\t\t\t\t<div class=\"elementor-column elementor-col-100 elementor-inner-column elementor-element elementor-element-32934362\" data-id=\"32934362\" data-element_type=\"column\" data-e-type=\"column\" data-settings=\"{&quot;background_background&quot;:&quot;classic&quot;}\">\n\t\t\t<div class=\"elementor-widget-wrap elementor-element-populated\">\n\t\t\t\t\t\t<div class=\"elementor-element elementor-element-17e7f1a elementor-widget elementor-widget-heading\" data-id=\"17e7f1a\" data-element_type=\"widget\" data-e-type=\"widget\" data-widget_type=\"heading.default\">\n\t\t\t\t<div class=\"elementor-widget-container\">\n\t\t\t\t\t<h1 class=\"elementor-heading-title elementor-size-default\">Dans les m\u00e9dias<\/h1>\t\t\t\t<\/div>\n\t\t\t\t<\/div>\n\t\t\t\t\t<\/div>\n\t\t<\/div>\n\t\t\t\t\t<\/div>\n\t\t<\/section>\n\t\t\t\t\t<\/div>\n\t\t<\/div>\n\t\t\t\t<div class=\"elementor-column elementor-col-50 elementor-top-column elementor-element elementor-element-17a13f68\" data-id=\"17a13f68\" data-element_type=\"column\" data-e-type=\"column\" data-settings=\"{&quot;background_background&quot;:&quot;classic&quot;}\">\n\t\t\t<div class=\"elementor-widget-wrap elementor-element-populated\">\n\t\t\t\t\t\t<div class=\"elementor-element elementor-element-744ed052 elementor-widget elementor-widget-spacer\" data-id=\"744ed052\" data-element_type=\"widget\" data-e-type=\"widget\" data-widget_type=\"spacer.default\">\n\t\t\t\t<div class=\"elementor-widget-container\">\n\t\t\t\t\t\t\t<div class=\"elementor-spacer\">\n\t\t\t<div class=\"elementor-spacer-inner\"><\/div>\n\t\t<\/div>\n\t\t\t\t\t\t<\/div>\n\t\t\t\t<\/div>\n\t\t\t\t\t<\/div>\n\t\t<\/div>\n\t\t\t\t\t<\/div>\n\t\t<\/section>\n\t\t\t\t<section class=\"elementor-section elementor-top-section elementor-element elementor-element-d1bd768 elementor-section-height-min-height elementor-section-items-stretch elementor-section-content-middle elementor-section-boxed elementor-section-height-default\" data-id=\"d1bd768\" data-element_type=\"section\" data-e-type=\"section\">\n\t\t\t\t\t\t<div class=\"elementor-container elementor-column-gap-default\">\n\t\t\t\t\t<div class=\"elementor-column elementor-col-50 elementor-top-column elementor-element elementor-element-4d93c13\" data-id=\"4d93c13\" data-element_type=\"column\" data-e-type=\"column\">\n\t\t\t<div class=\"elementor-widget-wrap elementor-element-populated\">\n\t\t\t\t\t\t<div class=\"elementor-element elementor-element-3bf7f10 elementor-widget elementor-widget-heading\" data-id=\"3bf7f10\" data-element_type=\"widget\" data-e-type=\"widget\" data-widget_type=\"heading.default\">\n\t\t\t\t<div class=\"elementor-widget-container\">\n\t\t\t\t\t<h2 class=\"elementor-heading-title elementor-size-default\"><a href=\"https:\/\/www.narcity.com\/fr\/montreal\/party-disco-glow-in-the-dark-patins-a-roulettes-montreal-mai-2022?utm_medium=facebook&#038;utm_source=dlvr.it\" target=\"_blank\">Un party disco \u00abglow-in-the-dark\u00bb en patins \u00e0 roulettes d\u00e9barque \u00e0 Montr\u00e9al en mai<\/a><\/h2>\t\t\t\t<\/div>\n\t\t\t\t<\/div>\n\t\t\t\t<div class=\"elementor-element elementor-element-10bb133 elementor-widget elementor-widget-image\" data-id=\"10bb133\" data-element_type=\"widget\" data-e-type=\"widget\" data-widget_type=\"image.default\">\n\t\t\t\t<div class=\"elementor-widget-container\">\n\t\t\t\t\t\t\t\t\t\t\t\t\t\t\t\t<a href=\"https:\/\/www.narcity.com\/fr\/montreal\/party-disco-glow-in-the-dark-patins-a-roulettes-montreal-mai-2022?utm_medium=facebook&#038;utm_source=dlvr.it\" target=\"_blank\">\n\t\t\t\t\t\t\t<img alt=\"\" decoding=\"async\" width=\"300\" height=\"148\" data-src=\"https:\/\/rollerdiscomontreal.ca\/wp-content\/uploads\/2022\/05\/Narcity-Montreal-logo-300x148-1.png\" class=\"attachment-large size-large wp-image-484 lazyload\" alt=\"\" src=\"data:image\/svg+xml;base64,PHN2ZyB3aWR0aD0iMSIgaGVpZ2h0PSIxIiB4bWxucz0iaHR0cDovL3d3dy53My5vcmcvMjAwMC9zdmciPjwvc3ZnPg==\" style=\"--smush-placeholder-width: 300px; --smush-placeholder-aspect-ratio: 300\/148;\" \/>\t\t\t\t\t\t\t\t<\/a>\n\t\t\t\t\t\t\t\t\t\t\t\t\t\t\t<\/div>\n\t\t\t\t<\/div>\n\t\t\t\t\t<\/div>\n\t\t<\/div>\n\t\t\t\t<div class=\"elementor-column elementor-col-50 elementor-top-column elementor-element elementor-element-5bea510\" data-id=\"5bea510\" data-element_type=\"column\" data-e-type=\"column\">\n\t\t\t<div class=\"elementor-widget-wrap elementor-element-populated\">\n\t\t\t\t\t\t<div class=\"elementor-element elementor-element-b4d8cf7 elementor-widget elementor-widget-heading\" data-id=\"b4d8cf7\" data-element_type=\"widget\" data-e-type=\"widget\" data-widget_type=\"heading.default\">\n\t\t\t\t<div class=\"elementor-widget-container\">\n\t\t\t\t\t<h2 class=\"elementor-heading-title elementor-size-default\"><a href=\"https:\/\/www.mtlblog.com\/montreal\/you-can-go-roller-skating-in-montreal-at-this-glow-in-the-dark-disco-party-in-may\" target=\"_blank\">You Can Go Roller Skating In Montreal At This Glow-In-The-Dark Disco Party In May<\/a><\/h2>\t\t\t\t<\/div>\n\t\t\t\t<\/div>\n\t\t\t\t<div class=\"elementor-element elementor-element-6b5b837 elementor-widget elementor-widget-image\" data-id=\"6b5b837\" data-element_type=\"widget\" data-e-type=\"widget\" data-widget_type=\"image.default\">\n\t\t\t\t<div class=\"elementor-widget-container\">\n\t\t\t\t\t\t\t\t\t\t\t\t\t\t\t\t<a href=\"https:\/\/www.mtlblog.com\/montreal\/you-can-go-roller-skating-in-montreal-at-this-glow-in-the-dark-disco-party-in-may\" target=\"_blank\">\n\t\t\t\t\t\t\t<img alt=\"\" decoding=\"async\" width=\"210\" height=\"170\" data-src=\"https:\/\/rollerdiscomontreal.ca\/wp-content\/uploads\/2022\/05\/mtlblog-logo.png\" class=\"attachment-large size-large wp-image-492 lazyload\" alt=\"\" src=\"data:image\/svg+xml;base64,PHN2ZyB3aWR0aD0iMSIgaGVpZ2h0PSIxIiB4bWxucz0iaHR0cDovL3d3dy53My5vcmcvMjAwMC9zdmciPjwvc3ZnPg==\" style=\"--smush-placeholder-width: 210px; --smush-placeholder-aspect-ratio: 210\/170;\" \/>\t\t\t\t\t\t\t\t<\/a>\n\t\t\t\t\t\t\t\t\t\t\t\t\t\t\t<\/div>\n\t\t\t\t<\/div>\n\t\t\t\t\t<\/div>\n\t\t<\/div>\n\t\t\t\t\t<\/div>\n\t\t<\/section>\n\t\t\t\t<section class=\"elementor-section elementor-top-section elementor-element elementor-element-2a8e9848 elementor-section-height-min-height elementor-section-items-stretch elementor-section-content-middle elementor-section-boxed elementor-section-height-default\" data-id=\"2a8e9848\" data-element_type=\"section\" data-e-type=\"section\">\n\t\t\t\t\t\t<div class=\"elementor-container elementor-column-gap-default\">\n\t\t\t\t\t<div class=\"elementor-column elementor-col-50 elementor-top-column elementor-element elementor-element-44ee4a4c\" data-id=\"44ee4a4c\" data-element_type=\"column\" data-e-type=\"column\">\n\t\t\t<div class=\"elementor-widget-wrap elementor-element-populated\">\n\t\t\t\t\t\t<div class=\"elementor-element elementor-element-ddef75f elementor-widget elementor-widget-image\" data-id=\"ddef75f\" data-element_type=\"widget\" data-e-type=\"widget\" data-widget_type=\"image.default\">\n\t\t\t\t<div class=\"elementor-widget-container\">\n\t\t\t\t\t\t\t\t\t\t\t\t\t\t\t\t<a href=\"https:\/\/instagram.com\/p\/COZR4a4DGa2\/\" target=\"_blank\">\n\t\t\t\t\t\t\t<img alt=\"\" fetchpriority=\"high\" decoding=\"async\" width=\"597\" height=\"1024\" src=\"https:\/\/rollerdiscomontreal.ca\/wp-content\/uploads\/2022\/05\/IMG_FCC445ACC7EF-1-597x1024.jpeg\" class=\"attachment-large size-large wp-image-1120\" alt=\"\" srcset=\"https:\/\/rollerdiscomontreal.ca\/wp-content\/uploads\/2022\/05\/IMG_FCC445ACC7EF-1-597x1024.jpeg 597w, https:\/\/rollerdiscomontreal.ca\/wp-content\/uploads\/2022\/05\/IMG_FCC445ACC7EF-1-175x300.jpeg 175w, https:\/\/rollerdiscomontreal.ca\/wp-content\/uploads\/2022\/05\/IMG_FCC445ACC7EF-1-768x1318.jpeg 768w, https:\/\/rollerdiscomontreal.ca\/wp-content\/uploads\/2022\/05\/IMG_FCC445ACC7EF-1-895x1536.jpeg 895w, https:\/\/rollerdiscomontreal.ca\/wp-content\/uploads\/2022\/05\/IMG_FCC445ACC7EF-1.jpeg 1062w\" sizes=\"(max-width: 597px) 100vw, 597px\" \/>\t\t\t\t\t\t\t\t<\/a>\n\t\t\t\t\t\t\t\t\t\t\t\t\t\t\t<\/div>\n\t\t\t\t<\/div>\n\t\t\t\t\t<\/div>\n\t\t<\/div>\n\t\t\t\t<div class=\"elementor-column elementor-col-50 elementor-top-column elementor-element elementor-element-1c0f90f0\" data-id=\"1c0f90f0\" data-element_type=\"column\" data-e-type=\"column\">\n\t\t\t<div class=\"elementor-widget-wrap elementor-element-populated\">\n\t\t\t\t\t\t<div class=\"elementor-element elementor-element-cc8ea1d elementor-widget elementor-widget-image\" data-id=\"cc8ea1d\" data-element_type=\"widget\" data-e-type=\"widget\" data-widget_type=\"image.default\">\n\t\t\t\t<div class=\"elementor-widget-container\">\n\t\t\t\t\t\t\t\t\t\t\t\t\t\t\t<img alt=\"\" decoding=\"async\" width=\"225\" height=\"225\" data-src=\"https:\/\/rollerdiscomontreal.ca\/wp-content\/uploads\/2022\/05\/i-love-roller-skating.jpg\" class=\"attachment-full size-full wp-image-136 lazyload\" alt=\"\" data-srcset=\"https:\/\/rollerdiscomontreal.ca\/wp-content\/uploads\/2022\/05\/i-love-roller-skating.jpg 225w, https:\/\/rollerdiscomontreal.ca\/wp-content\/uploads\/2022\/05\/i-love-roller-skating-150x150.jpg 150w\" data-sizes=\"(max-width: 225px) 100vw, 225px\" src=\"data:image\/svg+xml;base64,PHN2ZyB3aWR0aD0iMSIgaGVpZ2h0PSIxIiB4bWxucz0iaHR0cDovL3d3dy53My5vcmcvMjAwMC9zdmciPjwvc3ZnPg==\" style=\"--smush-placeholder-width: 225px; --smush-placeholder-aspect-ratio: 225\/225;\" \/>\t\t\t\t\t\t\t\t\t\t\t\t\t\t\t<\/div>\n\t\t\t\t<\/div>\n\t\t\t\t\t<\/div>\n\t\t<\/div>\n\t\t\t\t\t<\/div>\n\t\t<\/section>\n\t\t\t\t<section class=\"elementor-section elementor-top-section elementor-element elementor-element-695c2a86 elementor-section-boxed elementor-section-height-default elementor-section-height-default\" data-id=\"695c2a86\" data-element_type=\"section\" data-e-type=\"section\" data-settings=\"{&quot;background_background&quot;:&quot;classic&quot;}\">\n\t\t\t\t\t\t<div class=\"elementor-container elementor-column-gap-default\">\n\t\t\t\t\t<div class=\"elementor-column elementor-col-50 elementor-top-column elementor-element elementor-element-311e43ae\" data-id=\"311e43ae\" data-element_type=\"column\" data-e-type=\"column\">\n\t\t\t<div class=\"elementor-widget-wrap elementor-element-populated\">\n\t\t\t\t\t\t<div class=\"elementor-element elementor-element-651e0945 elementor-invisible elementor-widget elementor-widget-heading\" data-id=\"651e0945\" data-element_type=\"widget\" data-e-type=\"widget\" data-settings=\"{&quot;_animation&quot;:&quot;slideInUp&quot;}\" data-widget_type=\"heading.default\">\n\t\t\t\t<div class=\"elementor-widget-container\">\n\t\t\t\t\t<h2 class=\"elementor-heading-title elementor-size-default\">Roller Disco Montr\u00e9al\nEn action<\/h2>\t\t\t\t<\/div>\n\t\t\t\t<\/div>\n\t\t\t\t\t<\/div>\n\t\t<\/div>\n\t\t\t\t<div class=\"elementor-column elementor-col-50 elementor-top-column elementor-element elementor-element-165861f6\" data-id=\"165861f6\" data-element_type=\"column\" data-e-type=\"column\">\n\t\t\t<div class=\"elementor-widget-wrap elementor-element-populated\">\n\t\t\t\t\t\t<div class=\"elementor-element elementor-element-2039eb72 elementor-widget elementor-widget-video\" data-id=\"2039eb72\" data-element_type=\"widget\" data-e-type=\"widget\" data-settings=\"{&quot;youtube_url&quot;:&quot;https:\\\/\\\/youtu.be\\\/B26cc_gTr5Y&quot;,&quot;lazy_load&quot;:&quot;yes&quot;,&quot;video_type&quot;:&quot;youtube&quot;}\" data-widget_type=\"video.default\">\n\t\t\t\t<div class=\"elementor-widget-container\">\n\t\t\t\t\t\t\t<div class=\"elementor-wrapper elementor-open-inline\">\n\t\t\t<div class=\"elementor-video\"><\/div>\t\t<\/div>\n\t\t\t\t\t\t<\/div>\n\t\t\t\t<\/div>\n\t\t\t\t\t<\/div>\n\t\t<\/div>\n\t\t\t\t\t<\/div>\n\t\t<\/section>\n\t\t\t\t<\/div>\n\t\t","protected":false},"excerpt":{"rendered":"<p>Dans les m\u00e9dias Un party disco \u00abglow-in-the-dark\u00bb en patins \u00e0 roulettes d\u00e9barque \u00e0 Montr\u00e9al en mai You Can Go Roller Skating In Montreal At This Glow-In-The-Dark Disco Party In May Roller Disco Montr\u00e9al En action<\/p>\n","protected":false},"author":2,"featured_media":0,"parent":0,"menu_order":0,"comment_status":"closed","ping_status":"closed","template":"elementor_header_footer","meta":{"_seopress_robots_primary_cat":"","_seopress_titles_title":"Dans les M\u00e9dias - Roller Disco Montr\u00e9al","_seopress_titles_desc":"On parle de nous dans les m\u00e9dias. D\u00e9couvrez ce qu'on dit de l'exp\u00e9rience r\u00e9tro Disco de Roller DIsco Montr\u00e9al","_seopress_robots_index":"","footnotes":""},"class_list":["post-458","page","type-page","status-publish"],"_links":{"self":[{"href":"https:\/\/rollerdiscomontreal.ca\/fr\/wp-json\/wp\/v2\/pages\/458","targetHints":{"allow":["GET"]}}],"collection":[{"href":"https:\/\/rollerdiscomontreal.ca\/fr\/wp-json\/wp\/v2\/pages"}],"about":[{"href":"https:\/\/rollerdiscomontreal.ca\/fr\/wp-json\/wp\/v2\/types\/page"}],"author":[{"embeddable":true,"href":"https:\/\/rollerdiscomontreal.ca\/fr\/wp-json\/wp\/v2\/users\/2"}],"replies":[{"embeddable":true,"href":"https:\/\/rollerdiscomontreal.ca\/fr\/wp-json\/wp\/v2\/comments?post=458"}],"version-history":[{"count":0,"href":"https:\/\/rollerdiscomontreal.ca\/fr\/wp-json\/wp\/v2\/pages\/458\/revisions"}],"wp:attachment":[{"href":"https:\/\/rollerdiscomontreal.ca\/fr\/wp-json\/wp\/v2\/media?parent=458"}],"curies":[{"name":"wp","href":"https:\/\/api.w.org\/{rel}","templated":true}]}}