{"id":369,"date":"2022-05-12T19:14:57","date_gmt":"2022-05-12T19:14:57","guid":{"rendered":"https:\/\/rollerdiscomontreal.ca\/?page_id=369"},"modified":"2025-09-06T14:49:59","modified_gmt":"2025-09-06T14:49:59","slug":"formulaire-de-decharge","status":"publish","type":"page","link":"https:\/\/rollerdiscomontreal.ca\/fr\/formulaire-de-decharge\/","title":{"rendered":"Formulaire de d\u00e9charge"},"content":{"rendered":"\t\t<div data-elementor-type=\"wp-page\" data-elementor-id=\"369\" class=\"elementor elementor-369\" data-elementor-post-type=\"page\">\n\t\t\t\t\t\t<section class=\"elementor-section elementor-top-section elementor-element elementor-element-2b48bfd4 elementor-section-full_width elementor-section-height-min-height elementor-section-items-stretch elementor-section-height-default\" data-id=\"2b48bfd4\" data-element_type=\"section\" data-e-type=\"section\" data-settings=\"{&quot;background_background&quot;:&quot;video&quot;}\">\n\t\t\t\t\t\t<div class=\"elementor-container elementor-column-gap-default\">\n\t\t\t\t\t<div class=\"elementor-column elementor-col-50 elementor-top-column elementor-element elementor-element-26c68e80\" data-id=\"26c68e80\" data-element_type=\"column\" data-e-type=\"column\">\n\t\t\t<div class=\"elementor-widget-wrap elementor-element-populated\">\n\t\t\t\t\t\t<section class=\"elementor-section elementor-inner-section elementor-element elementor-element-5d196ce9 elementor-section-height-min-height elementor-section-boxed elementor-section-height-default\" data-id=\"5d196ce9\" data-element_type=\"section\" data-e-type=\"section\">\n\t\t\t\t\t\t<div class=\"elementor-container elementor-column-gap-default\">\n\t\t\t\t\t<div class=\"elementor-column elementor-col-100 elementor-inner-column elementor-element elementor-element-3c949578\" data-id=\"3c949578\" data-element_type=\"column\" data-e-type=\"column\" data-settings=\"{&quot;background_background&quot;:&quot;classic&quot;}\">\n\t\t\t<div class=\"elementor-widget-wrap elementor-element-populated\">\n\t\t\t\t\t\t<div class=\"elementor-element elementor-element-614f39be elementor-widget elementor-widget-heading\" data-id=\"614f39be\" data-element_type=\"widget\" data-e-type=\"widget\" data-widget_type=\"heading.default\">\n\t\t\t\t<div class=\"elementor-widget-container\">\n\t\t\t\t\t<h1 class=\"elementor-heading-title elementor-size-default\">Formulaire de d\u00e9charge<\/h1>\t\t\t\t<\/div>\n\t\t\t\t<\/div>\n\t\t\t\t\t<\/div>\n\t\t<\/div>\n\t\t\t\t\t<\/div>\n\t\t<\/section>\n\t\t\t\t\t<\/div>\n\t\t<\/div>\n\t\t\t\t<div class=\"elementor-column elementor-col-50 elementor-top-column elementor-element elementor-element-49cd058f\" data-id=\"49cd058f\" data-element_type=\"column\" data-e-type=\"column\" data-settings=\"{&quot;background_background&quot;:&quot;classic&quot;}\">\n\t\t\t<div class=\"elementor-widget-wrap elementor-element-populated\">\n\t\t\t\t\t\t<div class=\"elementor-element elementor-element-16098bdc elementor-widget elementor-widget-spacer\" data-id=\"16098bdc\" data-element_type=\"widget\" data-e-type=\"widget\" data-widget_type=\"spacer.default\">\n\t\t\t\t<div class=\"elementor-widget-container\">\n\t\t\t\t\t\t\t<div class=\"elementor-spacer\">\n\t\t\t<div class=\"elementor-spacer-inner\"><\/div>\n\t\t<\/div>\n\t\t\t\t\t\t<\/div>\n\t\t\t\t<\/div>\n\t\t\t\t\t<\/div>\n\t\t<\/div>\n\t\t\t\t\t<\/div>\n\t\t<\/section>\n\t\t\t\t<section class=\"elementor-section elementor-top-section elementor-element elementor-element-4d887ba elementor-section-boxed elementor-section-height-default elementor-section-height-default\" data-id=\"4d887ba\" data-element_type=\"section\" data-e-type=\"section\">\n\t\t\t\t\t\t<div class=\"elementor-container elementor-column-gap-default\">\n\t\t\t\t\t<div class=\"elementor-column elementor-col-50 elementor-top-column elementor-element elementor-element-a0839b7\" data-id=\"a0839b7\" data-element_type=\"column\" data-e-type=\"column\">\n\t\t\t<div class=\"elementor-widget-wrap elementor-element-populated\">\n\t\t\t\t\t\t<div class=\"elementor-element elementor-element-c1edf98 elementor-widget elementor-widget-text-editor\" data-id=\"c1edf98\" data-element_type=\"widget\" data-e-type=\"widget\" data-widget_type=\"text-editor.default\">\n\t\t\t\t<div class=\"elementor-widget-container\">\n\t\t\t\t\t\t\t\t\t<h4 class=\"has-text-align-center\" style=\"text-align: left;\"><span style=\"text-decoration: underline;\"><em><strong>OBLIGATOIRE:<\/strong><\/em><\/span><\/h4><p class=\"has-text-align-center\" style=\"text-align: left;\"><span style=\"color: #ffff00;\"><strong>Veuillez Noter qu\u2019un formulaire de renonciation (d\u00e9charge) devra \u00eatre rempli par tout le monde. Vous pouvez \u00e9galement en demander une copie en avance \u00e0 rollerdiscomontreal@gmail.com) . Si la personne a moins de 18 ans, veuillez inscrire son Nom (zone \u00ab NOM \u00bb) en lettres moulees et le parent\/adulte responsable doit signer (zone \u00ab SIGNATURE \u00bb)\u00a0au nom du participant mineur. <\/strong><\/span><\/p><p class=\"has-text-align-center\" style=\"text-align: left;\"><span style=\"color: #ffff00;\"><strong>Le Formulaire doit \u00eatre apport\u00e9 le jour de l\u2019\u00e9v\u00e9nement et soumis au personnel de RollerDisco Montr\u00e9al. \u00a0<\/strong><\/span><\/p>\t\t\t\t\t\t\t\t<\/div>\n\t\t\t\t<\/div>\n\t\t\t\t<div class=\"elementor-element elementor-element-556578f elementor-align-center elementor-widget elementor-widget-button\" data-id=\"556578f\" data-element_type=\"widget\" data-e-type=\"widget\" data-widget_type=\"button.default\">\n\t\t\t\t<div class=\"elementor-widget-container\">\n\t\t\t\t\t\t\t\t\t<div class=\"elementor-button-wrapper\">\n\t\t\t\t\t<a class=\"elementor-button elementor-button-link elementor-size-sm\" href=\"https:\/\/rollerdiscomontreal.ca\/wp-content\/uploads\/2022\/05\/Waiver-Form.pdf\" target=\"_blank\">\n\t\t\t\t\t\t<span class=\"elementor-button-content-wrapper\">\n\t\t\t\t\t\t\t\t\t<span class=\"elementor-button-text\">LIEN : T\u00e9l\u00e9charger le formulaire \/ Remplir formulaire<\/span>\n\t\t\t\t\t<\/span>\n\t\t\t\t\t<\/a>\n\t\t\t\t<\/div>\n\t\t\t\t\t\t\t\t<\/div>\n\t\t\t\t<\/div>\n\t\t\t\t\t<\/div>\n\t\t<\/div>\n\t\t\t\t<div class=\"elementor-column elementor-col-50 elementor-top-column elementor-element elementor-element-41447bb\" data-id=\"41447bb\" data-element_type=\"column\" data-e-type=\"column\">\n\t\t\t<div class=\"elementor-widget-wrap elementor-element-populated\">\n\t\t\t\t\t\t<div class=\"elementor-element elementor-element-97aa3cf elementor-widget elementor-widget-image\" data-id=\"97aa3cf\" data-element_type=\"widget\" data-e-type=\"widget\" data-widget_type=\"image.default\">\n\t\t\t\t<div class=\"elementor-widget-container\">\n\t\t\t\t\t\t\t\t\t\t\t\t\t\t\t<img decoding=\"async\" data-src=\"https:\/\/rollerdiscomontreal.ca\/wp-content\/uploads\/elementor\/thumbs\/luke-southern-hyvIttJtKPI-unsplash-scaled-r288p2mi3stctb0i6k77sx0mfcm2vzfw2vvxvzvuy8.jpg\" title=\"luke-southern-hyvIttJtKPI-unsplash\" alt=\"luke-southern-hyvIttJtKPI-unsplash\" src=\"data:image\/svg+xml;base64,PHN2ZyB3aWR0aD0iMSIgaGVpZ2h0PSIxIiB4bWxucz0iaHR0cDovL3d3dy53My5vcmcvMjAwMC9zdmciPjwvc3ZnPg==\" class=\"lazyload\" style=\"--smush-placeholder-width: 600px; --smush-placeholder-aspect-ratio: 600\/600;\" \/>\t\t\t\t\t\t\t\t\t\t\t\t\t\t\t<\/div>\n\t\t\t\t<\/div>\n\t\t\t\t\t<\/div>\n\t\t<\/div>\n\t\t\t\t\t<\/div>\n\t\t<\/section>\n\t\t\t\t<\/div>\n\t\t","protected":false},"excerpt":{"rendered":"<p>Formulaire de d\u00e9charge OBLIGATOIRE: Veuillez Noter qu\u2019un formulaire de renonciation (d\u00e9charge) devra \u00eatre rempli par tout le monde. Vous pouvez \u00e9galement en demander une copie en avance \u00e0 rollerdiscomontreal@gmail.com) . Si la personne a moins de 18 ans, veuillez inscrire son Nom (zone \u00ab NOM \u00bb) en lettres moulees et le parent\/adulte responsable doit signer &#8230; <a title=\"Formulaire de d\u00e9charge\" class=\"read-more\" href=\"https:\/\/rollerdiscomontreal.ca\/fr\/formulaire-de-decharge\/\" aria-label=\"En savoir plus sur Formulaire de d\u00e9charge\">Lire la suite<\/a><\/p>\n","protected":false},"author":2,"featured_media":0,"parent":0,"menu_order":0,"comment_status":"closed","ping_status":"closed","template":"elementor_header_footer","meta":{"_seopress_robots_primary_cat":"","_seopress_titles_title":"%%post_title%% - Roller Disco Montr\u00e9al","_seopress_titles_desc":"Formulaire de d\u00e9charge OBLIGATOIRE:Veuillez Noter qu\u2019un formulaire de renonciation (d\u00e9charge) devra \u00eatre rempli par tout le monde.","_seopress_robots_index":"","footnotes":""},"class_list":["post-369","page","type-page","status-publish"],"_links":{"self":[{"href":"https:\/\/rollerdiscomontreal.ca\/fr\/wp-json\/wp\/v2\/pages\/369","targetHints":{"allow":["GET"]}}],"collection":[{"href":"https:\/\/rollerdiscomontreal.ca\/fr\/wp-json\/wp\/v2\/pages"}],"about":[{"href":"https:\/\/rollerdiscomontreal.ca\/fr\/wp-json\/wp\/v2\/types\/page"}],"author":[{"embeddable":true,"href":"https:\/\/rollerdiscomontreal.ca\/fr\/wp-json\/wp\/v2\/users\/2"}],"replies":[{"embeddable":true,"href":"https:\/\/rollerdiscomontreal.ca\/fr\/wp-json\/wp\/v2\/comments?post=369"}],"version-history":[{"count":0,"href":"https:\/\/rollerdiscomontreal.ca\/fr\/wp-json\/wp\/v2\/pages\/369\/revisions"}],"wp:attachment":[{"href":"https:\/\/rollerdiscomontreal.ca\/fr\/wp-json\/wp\/v2\/media?parent=369"}],"curies":[{"name":"wp","href":"https:\/\/api.w.org\/{rel}","templated":true}]}}